{"id":52,"date":"2024-07-05T22:30:23","date_gmt":"2024-07-05T22:30:23","guid":{"rendered":"https:\/\/labeletiquette.ca\/?page_id=52"},"modified":"2026-02-22T05:15:16","modified_gmt":"2026-02-22T12:15:16","slug":"faq","status":"publish","type":"page","link":"https:\/\/labeletiquette.ca\/fr\/faq\/","title":{"rendered":"FAQ"},"content":{"rendered":"<h1>\n\t\t\tFoire aux questions\n\t\t<\/h1>\n\t\t\t<p class=\"translation-block\">Si vous ne trouvez pas la r\u00e9ponse \u00e0 votre question, veuillez nous contacter \u00e0 <a href=\"mailto:info@labeletiquette.ca\" target=\"_self\">info@labeletiquette.ca<\/a><\/p>\t\t\n\t\t\t\t\t\t\t\t\t\tQuels types de fichiers acceptez-vous?\n\t\t\t\t\t<p>Nous acceptons les fichiers PDF de haute r\u00e9solution.<\/p>\n\t\t\t\t\t\t\t\t\t\tQuel est votre d\u00e9lai d'ex\u00e9cution?\n\t\t\t\t\t<p>TBD<\/p>\n\t\t\t\t\t\t\t\t\t\tPuis-je obtenir une \u00e9preuve avant l'impression?\n\t\t\t\t\t<p>Oui, nous fournissons des \u00e9preuves num\u00e9riques pour toutes les commandes avant l'impression.<\/p>\n\t\t\t\t\t\t\t\t\t\tQuels sont les pays destinataires de vos envois?\/ Exp\u00e9diez-vous \u00e0 des bo\u00eetes postales?\n\t\t\t\t\t<p>Nous livrons partout en Am\u00e9rique du Nord, y compris aux bo\u00eetes postales. Nous ne sommes pas responsables des frais de douane que vous pourriez encourir.<\/p>\n\t\t\t\t\t\t\t\t\t\tCan I print on my labels once I&#8217;ve received them?\n\t\t\t\t\t<p>Yes! Designed for thermal transfer overprinting, these labels allow you to add variable information like expiry dates, packaging dates, lot codes, batch numbers, barcodes, and more, right on your production line.<\/p>\n\t\t\t\t\t\t\t\t\t\tQu'est-ce que le BOPP?\n\t\t\t\t\t<p>Le BOPP (polypropyl\u00e8ne \u00e0 orientation biaxiale) est une variante du polypropyl\u00e8ne (PP). Le BOPP est une surface d'impression id\u00e9ale pour les \u00e9tiquettes en raison de sa robustesse, sa r\u00e9sistance \u00e0 la fatigue, sa r\u00e9sistance \u00e0 l'humidit\u00e9, sa tr\u00e8s faible toxicit\u00e9, ses options de finition flexibles, ainsi que sa transparence contr\u00f4lable.<\/p>\n\t\t\t\t\t\t\t\t\t\tQuelle est votre politique de retour?\n\t\t\t\t\t<p>Once you&#8217;ve approved, all orders become final due to the personalized nature of our work. No changes or returns of any kind can be made after approval.<\/p>","protected":false},"excerpt":{"rendered":"<p>Frequently Asked Questions Please reach us at info@labeletiquette.ca if you cannot find an answer to your question. What File Types Do You Accept? We accept high-resolution PDF files. What is Your Turnaround Time? TBD Can I Get a Proof Before Printing? Yes, we provide free digital proofs for all orders before printing. If you would&hellip;<\/p>","protected":false},"author":1,"featured_media":16545,"parent":0,"menu_order":0,"comment_status":"closed","ping_status":"closed","template":"","meta":{"footnotes":""},"class_list":["post-52","page","type-page","status-publish","has-post-thumbnail","hentry"],"yoast_head":"<!-- This site is optimized with the Yoast SEO plugin v27.5 - https:\/\/yoast.com\/product\/yoast-seo-wordpress\/ -->\n<title>FAQ - Label Etiquette - High-Quality Labels<\/title>\n<meta name=\"description\" content=\"Get answers to common questions about high-quality labels at Label Etiquette. Discover our commitment to quality, pricing, and fast service.\" \/>\n<meta name=\"robots\" content=\"index, follow, max-snippet:-1, max-image-preview:large, max-video-preview:-1\" \/>\n<link rel=\"canonical\" href=\"https:\/\/labeletiquette.ca\/fr\/faq\/\" \/>\n<meta property=\"og:locale\" content=\"fr_FR\" \/>\n<meta property=\"og:type\" content=\"article\" \/>\n<meta property=\"og:title\" content=\"FAQ - Label Etiquette - High-Quality Labels\" \/>\n<meta property=\"og:description\" content=\"Get answers to common questions about high-quality labels at Label Etiquette. Discover our commitment to quality, pricing, and fast service.\" \/>\n<meta property=\"og:url\" content=\"https:\/\/labeletiquette.ca\/fr\/faq\/\" \/>\n<meta property=\"og:site_name\" content=\"Label Etiquette\" \/>\n<meta property=\"article:modified_time\" content=\"2026-02-22T12:15:16+00:00\" \/>\n<meta property=\"og:image\" content=\"https:\/\/labeletiquette.ca\/wp-content\/uploads\/2024\/07\/fmf_QpkVRzx.jpg\" \/>\n\t<meta property=\"og:image:width\" content=\"1254\" \/>\n\t<meta property=\"og:image:height\" content=\"836\" \/>\n\t<meta property=\"og:image:type\" content=\"image\/jpeg\" \/>\n<meta name=\"twitter:card\" content=\"summary_large_image\" \/>\n<meta name=\"twitter:label1\" content=\"Dur\u00e9e de lecture estim\u00e9e\" \/>\n\t<meta name=\"twitter:data1\" content=\"1 minute\" \/>\n<script type=\"application\/ld+json\" class=\"yoast-schema-graph\">{\"@context\":\"https:\\\/\\\/schema.org\",\"@graph\":[{\"@type\":\"WebPage\",\"@id\":\"https:\\\/\\\/labeletiquette.ca\\\/en\\\/faq\\\/\",\"url\":\"https:\\\/\\\/labeletiquette.ca\\\/en\\\/faq\\\/\",\"name\":\"FAQ - Label Etiquette - High-Quality Labels\",\"isPartOf\":{\"@id\":\"https:\\\/\\\/labeletiquette.ca\\\/en\\\/#website\"},\"primaryImageOfPage\":{\"@id\":\"https:\\\/\\\/labeletiquette.ca\\\/en\\\/faq\\\/#primaryimage\"},\"image\":{\"@id\":\"https:\\\/\\\/labeletiquette.ca\\\/en\\\/faq\\\/#primaryimage\"},\"thumbnailUrl\":\"https:\\\/\\\/labeletiquette.ca\\\/wp-content\\\/uploads\\\/2024\\\/07\\\/fmf_QpkVRzx.jpg\",\"datePublished\":\"2024-07-05T22:30:23+00:00\",\"dateModified\":\"2026-02-22T12:15:16+00:00\",\"description\":\"Get answers to common questions about high-quality labels at Label Etiquette. Discover our commitment to quality, pricing, and fast service.\",\"breadcrumb\":{\"@id\":\"https:\\\/\\\/labeletiquette.ca\\\/en\\\/faq\\\/#breadcrumb\"},\"inLanguage\":\"fr-FR\",\"potentialAction\":[{\"@type\":\"ReadAction\",\"target\":[\"https:\\\/\\\/labeletiquette.ca\\\/en\\\/faq\\\/\"]}]},{\"@type\":\"ImageObject\",\"inLanguage\":\"fr-FR\",\"@id\":\"https:\\\/\\\/labeletiquette.ca\\\/en\\\/faq\\\/#primaryimage\",\"url\":\"https:\\\/\\\/labeletiquette.ca\\\/wp-content\\\/uploads\\\/2024\\\/07\\\/fmf_QpkVRzx.jpg\",\"contentUrl\":\"https:\\\/\\\/labeletiquette.ca\\\/wp-content\\\/uploads\\\/2024\\\/07\\\/fmf_QpkVRzx.jpg\",\"width\":1254,\"height\":836,\"caption\":\"Variety of labels on a roll for customer or company info, logos, color schemes removed\"},{\"@type\":\"BreadcrumbList\",\"@id\":\"https:\\\/\\\/labeletiquette.ca\\\/en\\\/faq\\\/#breadcrumb\",\"itemListElement\":[{\"@type\":\"ListItem\",\"position\":1,\"name\":\"Home\",\"item\":\"https:\\\/\\\/labeletiquette.ca\\\/en\\\/\"},{\"@type\":\"ListItem\",\"position\":2,\"name\":\"FAQ\"}]},{\"@type\":\"WebSite\",\"@id\":\"https:\\\/\\\/labeletiquette.ca\\\/en\\\/#website\",\"url\":\"https:\\\/\\\/labeletiquette.ca\\\/en\\\/\",\"name\":\"Label Etiquette\",\"description\":\"Elevate Your Brand with Impeccable Labels\",\"publisher\":{\"@id\":\"https:\\\/\\\/labeletiquette.ca\\\/en\\\/#organization\"},\"potentialAction\":[{\"@type\":\"SearchAction\",\"target\":{\"@type\":\"EntryPoint\",\"urlTemplate\":\"https:\\\/\\\/labeletiquette.ca\\\/en\\\/?s={search_term_string}\"},\"query-input\":{\"@type\":\"PropertyValueSpecification\",\"valueRequired\":true,\"valueName\":\"search_term_string\"}}],\"inLanguage\":\"fr-FR\"},{\"@type\":\"Organization\",\"@id\":\"https:\\\/\\\/labeletiquette.ca\\\/en\\\/#organization\",\"name\":\"Label Etiquette\",\"url\":\"https:\\\/\\\/labeletiquette.ca\\\/en\\\/\",\"logo\":{\"@type\":\"ImageObject\",\"inLanguage\":\"fr-FR\",\"@id\":\"https:\\\/\\\/labeletiquette.ca\\\/en\\\/#\\\/schema\\\/logo\\\/image\\\/\",\"url\":\"https:\\\/\\\/labeletiquette.ca\\\/wp-content\\\/uploads\\\/2024\\\/07\\\/LabelEtiquetteLogo.png\",\"contentUrl\":\"https:\\\/\\\/labeletiquette.ca\\\/wp-content\\\/uploads\\\/2024\\\/07\\\/LabelEtiquetteLogo.png\",\"width\":1080,\"height\":1080,\"caption\":\"Label Etiquette\"},\"image\":{\"@id\":\"https:\\\/\\\/labeletiquette.ca\\\/en\\\/#\\\/schema\\\/logo\\\/image\\\/\"}}]}<\/script>\n<!-- \/ Yoast SEO plugin. -->","yoast_head_json":{"title":"FAQ - Label Etiquette - High-Quality Labels","description":"Get answers to common questions about high-quality labels at Label Etiquette. Discover our commitment to quality, pricing, and fast service.","robots":{"index":"index","follow":"follow","max-snippet":"max-snippet:-1","max-image-preview":"max-image-preview:large","max-video-preview":"max-video-preview:-1"},"canonical":"https:\/\/labeletiquette.ca\/fr\/faq\/","og_locale":"fr_FR","og_type":"article","og_title":"FAQ - Label Etiquette - High-Quality Labels","og_description":"Get answers to common questions about high-quality labels at Label Etiquette. Discover our commitment to quality, pricing, and fast service.","og_url":"https:\/\/labeletiquette.ca\/fr\/faq\/","og_site_name":"Label Etiquette","article_modified_time":"2026-02-22T12:15:16+00:00","og_image":[{"width":1254,"height":836,"url":"https:\/\/labeletiquette.ca\/wp-content\/uploads\/2024\/07\/fmf_QpkVRzx.jpg","type":"image\/jpeg"}],"twitter_card":"summary_large_image","twitter_misc":{"Dur\u00e9e de lecture estim\u00e9e":"1 minute"},"schema":{"@context":"https:\/\/schema.org","@graph":[{"@type":"WebPage","@id":"https:\/\/labeletiquette.ca\/en\/faq\/","url":"https:\/\/labeletiquette.ca\/en\/faq\/","name":"FAQ - Label Etiquette - High-Quality Labels","isPartOf":{"@id":"https:\/\/labeletiquette.ca\/en\/#website"},"primaryImageOfPage":{"@id":"https:\/\/labeletiquette.ca\/en\/faq\/#primaryimage"},"image":{"@id":"https:\/\/labeletiquette.ca\/en\/faq\/#primaryimage"},"thumbnailUrl":"https:\/\/labeletiquette.ca\/wp-content\/uploads\/2024\/07\/fmf_QpkVRzx.jpg","datePublished":"2024-07-05T22:30:23+00:00","dateModified":"2026-02-22T12:15:16+00:00","description":"Get answers to common questions about high-quality labels at Label Etiquette. Discover our commitment to quality, pricing, and fast service.","breadcrumb":{"@id":"https:\/\/labeletiquette.ca\/en\/faq\/#breadcrumb"},"inLanguage":"fr-FR","potentialAction":[{"@type":"ReadAction","target":["https:\/\/labeletiquette.ca\/en\/faq\/"]}]},{"@type":"ImageObject","inLanguage":"fr-FR","@id":"https:\/\/labeletiquette.ca\/en\/faq\/#primaryimage","url":"https:\/\/labeletiquette.ca\/wp-content\/uploads\/2024\/07\/fmf_QpkVRzx.jpg","contentUrl":"https:\/\/labeletiquette.ca\/wp-content\/uploads\/2024\/07\/fmf_QpkVRzx.jpg","width":1254,"height":836,"caption":"Variety of labels on a roll for customer or company info, logos, color schemes removed"},{"@type":"BreadcrumbList","@id":"https:\/\/labeletiquette.ca\/en\/faq\/#breadcrumb","itemListElement":[{"@type":"ListItem","position":1,"name":"Home","item":"https:\/\/labeletiquette.ca\/en\/"},{"@type":"ListItem","position":2,"name":"FAQ"}]},{"@type":"WebSite","@id":"https:\/\/labeletiquette.ca\/en\/#website","url":"https:\/\/labeletiquette.ca\/en\/","name":"Label Etiquette","description":"Elevate Your Brand with Impeccable Labels","publisher":{"@id":"https:\/\/labeletiquette.ca\/en\/#organization"},"potentialAction":[{"@type":"SearchAction","target":{"@type":"EntryPoint","urlTemplate":"https:\/\/labeletiquette.ca\/en\/?s={search_term_string}"},"query-input":{"@type":"PropertyValueSpecification","valueRequired":true,"valueName":"search_term_string"}}],"inLanguage":"fr-FR"},{"@type":"Organization","@id":"https:\/\/labeletiquette.ca\/en\/#organization","name":"Label Etiquette","url":"https:\/\/labeletiquette.ca\/en\/","logo":{"@type":"ImageObject","inLanguage":"fr-FR","@id":"https:\/\/labeletiquette.ca\/en\/#\/schema\/logo\/image\/","url":"https:\/\/labeletiquette.ca\/wp-content\/uploads\/2024\/07\/LabelEtiquetteLogo.png","contentUrl":"https:\/\/labeletiquette.ca\/wp-content\/uploads\/2024\/07\/LabelEtiquetteLogo.png","width":1080,"height":1080,"caption":"Label Etiquette"},"image":{"@id":"https:\/\/labeletiquette.ca\/en\/#\/schema\/logo\/image\/"}}]}},"_links":{"self":[{"href":"https:\/\/labeletiquette.ca\/fr\/wp-json\/wp\/v2\/pages\/52","targetHints":{"allow":["GET"]}}],"collection":[{"href":"https:\/\/labeletiquette.ca\/fr\/wp-json\/wp\/v2\/pages"}],"about":[{"href":"https:\/\/labeletiquette.ca\/fr\/wp-json\/wp\/v2\/types\/page"}],"author":[{"embeddable":true,"href":"https:\/\/labeletiquette.ca\/fr\/wp-json\/wp\/v2\/users\/1"}],"replies":[{"embeddable":true,"href":"https:\/\/labeletiquette.ca\/fr\/wp-json\/wp\/v2\/comments?post=52"}],"version-history":[{"count":5,"href":"https:\/\/labeletiquette.ca\/fr\/wp-json\/wp\/v2\/pages\/52\/revisions"}],"predecessor-version":[{"id":16936,"href":"https:\/\/labeletiquette.ca\/fr\/wp-json\/wp\/v2\/pages\/52\/revisions\/16936"}],"wp:featuredmedia":[{"embeddable":true,"href":"https:\/\/labeletiquette.ca\/fr\/wp-json\/wp\/v2\/media\/16545"}],"wp:attachment":[{"href":"https:\/\/labeletiquette.ca\/fr\/wp-json\/wp\/v2\/media?parent=52"}],"curies":[{"name":"wp","href":"https:\/\/api.w.org\/{rel}","templated":true}]}}